{"id":546,"date":"2025-05-08T09:04:37","date_gmt":"2025-05-08T09:04:37","guid":{"rendered":"https:\/\/www.ehs-hoertnagl.at\/about-us\/"},"modified":"2025-09-01T13:29:22","modified_gmt":"2025-09-01T13:29:22","slug":"about-us","status":"publish","type":"page","link":"https:\/\/www.ehs-hoertnagl.at\/en\/about-us\/","title":{"rendered":"About Us"},"content":{"rendered":"<div class=\"wpb-content-wrapper\"><p>[vc_row css=&#8221;.vc_custom_1746794844922{background-color: #0a0a0a !important;}&#8221;][vc_column][vc_empty_space height=&#8221;180px&#8221;][\/vc_column][\/vc_row][vc_row css=&#8221;.vc_custom_1747229669354{background-image: url(https:\/\/www.ehs-hoertnagl.at\/wp-content\/uploads\/2025\/05\/ehs_headerbild_1.jpg?id=313) !important;background-position: center !important;background-repeat: no-repeat !important;background-size: cover !important;}&#8221;][vc_column][vc_empty_space height=&#8221;80px&#8221;][vc_column_text css=&#8221;&#8221;]<span style=\"color: #f8b100; font-size: 35px;\"><strong>ERNST H\u00d6RTNAGL &amp; SONS<\/strong><\/span>[\/vc_column_text][vc_empty_space][vc_column_text css=&#8221;&#8221; el_class=&#8221;whitefont&#8221;]<span style=\"font-size: 80px;\"><strong>THE MILESTONES.<\/strong><\/span>[\/vc_column_text][vc_empty_space height=&#8221;200px&#8221;][\/vc_column][\/vc_row][vc_row][vc_column][vc_empty_space height=&#8221;60px&#8221;][\/vc_column][\/vc_row][vc_row][vc_column width=&#8221;1\/4&#8243;][\/vc_column][vc_column width=&#8221;1\/2&#8243;]\t\t\t<!-- Cool Timeline PRO V4.8.8 -->\r\n\t\t\t<div class=\"ctl-wrapper\" role=\"region\" aria-label=\"Timeline\">\r\n\t\t\t\t\t\t\t\t<div id=\"cool_timeline_1\" class=\"cool-timeline-wrapper ctl-both-sided ctl-vertical-wrapper ctl-default\" data-nav=\"hide\" data-line-filling=\"false\" data-nav-pos=\"right\">\r\n\t\t\t\t\t<div class=\"ctl-start\"><\/div>\r\n\t\t\t\t\t<!-- Timeline Container -->\r\n\t\t\t\t\t<div class=\"ctl-timeline ctl-timeline-container\" data-animation=\"zoom-out\" aria-live=\"polite\">\r\n\t\t\t\t\t\t<!-- Center Line -->\r\n\t\t\t\t\t\t<div class=\"ctl-inner-line\" role=\"presentation\"><\/div>\r\n\t\t\t\t\t\t<!-- Story Year Section --><div data-cls=\"sc-nv-light vertical\" class=\"timeline-year scrollable-section ctl-year ctl-year-container light-year\" data-section-title=\"2022\" id=\"year-2022\"><div class=\"ctl-year-label ctl-year-text\"><span>2022<\/span><\/div><\/div><!-- Timeline Content --><div id=\"ctl-story-400\" class=\"ctl-story ctl-story-dot-icon odd ctl-story-right ctl-no-media\" data-story-index=\"1\" role=\"article\"><!-- Story Date --><div class=\"ctl-labels\"><div class=\"ctl-label-big story-date\">May 5<\/div><\/div><!-- Story IconDot --><div class=\"ctl-icondot\"><\/div> <!-- Story Arrow --><div class=\"ctl-arrow\"><\/div>\r\n\t\t\t<!-- Story Content --><div class=\"ctl-content\"><!-- Story Title --><div class=\"ctl-title story-400\" aria-label=\"2022\"><a target=\"_self\" title=\"2022\" href=\"https:\/\/www.ehs-hoertnagl.at\/en\/timeline\/2022\/\" class=\"story-link\">2022<\/a><\/div><!-- Story Description --><div class=\"ctl-description\"><p>Inbetriebnahme neuer Produktionslinie<\/p>\n<\/div><\/div><\/div><!-- Story Year Section --><div data-cls=\"sc-nv-light vertical\" class=\"timeline-year scrollable-section ctl-year ctl-year-container light-year\" data-section-title=\"2017\" id=\"year-2017\"><div class=\"ctl-year-label ctl-year-text\"><span>2017<\/span><\/div><\/div><!-- Timeline Content --><div id=\"ctl-story-399\" class=\"ctl-story ctl-story-dot-icon even ctl-story-left ctl-no-media\" data-story-index=\"2\" role=\"article\"><!-- Story Date --><div class=\"ctl-labels\"><div class=\"ctl-label-big story-date\">July 1<\/div><\/div><!-- Story IconDot --><div class=\"ctl-icondot\"><\/div> <!-- Story Arrow --><div class=\"ctl-arrow\"><\/div>\r\n\t\t\t<!-- Story Content --><div class=\"ctl-content\"><!-- Story Title --><div class=\"ctl-title story-399\" aria-label=\"2017\"><a target=\"_self\" title=\"2017\" href=\"https:\/\/www.ehs-hoertnagl.at\/en\/timeline\/2017\/\" class=\"story-link\">2017<\/a><\/div><!-- Story Description --><div class=\"ctl-description\"><p>Modernisierung des Standortes mit neuen Bu\u0308ros und Produktionsst\u00e4tten<\/p>\n<\/div><\/div><\/div><!-- Story Year Section --><div data-cls=\"sc-nv-light vertical\" class=\"timeline-year scrollable-section ctl-year ctl-year-container light-year\" data-section-title=\"2008\" id=\"year-2008\"><div class=\"ctl-year-label ctl-year-text\"><span>2008<\/span><\/div><\/div><!-- Timeline Content --><div id=\"ctl-story-323\" class=\"ctl-story ctl-story-dot-icon odd ctl-story-right ctl-no-media\" data-story-index=\"3\" role=\"article\"><!-- Story Date --><div class=\"ctl-labels\"><div class=\"ctl-label-big story-date\">May 1<\/div><\/div><!-- Story IconDot --><div class=\"ctl-icondot\"><\/div> <!-- Story Arrow --><div class=\"ctl-arrow\"><\/div>\r\n\t\t\t<!-- Story Content --><div class=\"ctl-content\"><!-- Story Title --><div class=\"ctl-title story-323\" aria-label=\"2008\"><a target=\"_self\" title=\"2008\" href=\"https:\/\/www.ehs-hoertnagl.at\/en\/timeline\/2008\/\" class=\"story-link\">2008<\/a><\/div><!-- Story Description --><div class=\"ctl-description\"><p>Erwerb der Muldenthaler Emaillierwerk GmbH, Erweiterung des Sortiments durch d\u00fcnnwandige &amp; emaillierte Produkte<\/p>\n<\/div><\/div><\/div><!-- Story Year Section --><div data-cls=\"sc-nv-light vertical\" class=\"timeline-year scrollable-section ctl-year ctl-year-container light-year\" data-section-title=\"2007\" id=\"year-2007\"><div class=\"ctl-year-label ctl-year-text\"><span>2007<\/span><\/div><\/div><!-- Timeline Content --><div id=\"ctl-story-322\" class=\"ctl-story ctl-story-dot-icon even ctl-story-left ctl-no-media\" data-story-index=\"4\" role=\"article\"><!-- Story Date --><div class=\"ctl-labels\"><div class=\"ctl-label-big story-date\">May 1<\/div><\/div><!-- Story IconDot --><div class=\"ctl-icondot\"><\/div> <!-- Story Arrow --><div class=\"ctl-arrow\"><\/div>\r\n\t\t\t<!-- Story Content --><div class=\"ctl-content\"><!-- Story Title --><div class=\"ctl-title story-322\" aria-label=\"2007\"><a target=\"_self\" title=\"2007\" href=\"https:\/\/www.ehs-hoertnagl.at\/en\/timeline\/2007\/\" class=\"story-link\">2007<\/a><\/div><!-- Story Description --><div class=\"ctl-description\"><p>Harald H\u00f6rtnagl \u00fcbernimmt die Gesch\u00e4ftsanteile<\/p>\n<\/div><\/div><\/div><!-- Story Year Section --><div data-cls=\"sc-nv-light vertical\" class=\"timeline-year scrollable-section ctl-year ctl-year-container light-year\" data-section-title=\"1982\" id=\"year-1982\"><div class=\"ctl-year-label ctl-year-text\"><span>1982<\/span><\/div><\/div><!-- Timeline Content --><div id=\"ctl-story-321\" class=\"ctl-story ctl-story-dot-icon odd ctl-story-right ctl-no-media\" data-story-index=\"5\" role=\"article\"><!-- Story Date --><div class=\"ctl-labels\"><div class=\"ctl-label-big story-date\">May 1<\/div><\/div><!-- Story IconDot --><div class=\"ctl-icondot\"><\/div> <!-- Story Arrow --><div class=\"ctl-arrow\"><\/div>\r\n\t\t\t<!-- Story Content --><div class=\"ctl-content\"><!-- Story Title --><div class=\"ctl-title story-321\" aria-label=\"1982\"><a target=\"_self\" title=\"1982\" href=\"https:\/\/www.ehs-hoertnagl.at\/en\/timeline\/1982\/\" class=\"story-link\">1982<\/a><\/div><!-- Story Description --><div class=\"ctl-description\"><p>Vinzenz H\u00f6rtnagl \u00fcbernimmt die Geschicke der Firma<\/p>\n<\/div><\/div><\/div><!-- Story Year Section --><div data-cls=\"sc-nv-light vertical\" class=\"timeline-year scrollable-section ctl-year ctl-year-container light-year\" data-section-title=\"1980\" id=\"year-1980\"><div class=\"ctl-year-label ctl-year-text\"><span>1980<\/span><\/div><\/div><!-- Timeline Content --><div id=\"ctl-story-320\" class=\"ctl-story ctl-story-dot-icon even ctl-story-left ctl-no-media\" data-story-index=\"6\" role=\"article\"><!-- Story Date --><div class=\"ctl-labels\"><div class=\"ctl-label-big story-date\">May 1<\/div><\/div><!-- Story IconDot --><div class=\"ctl-icondot\"><\/div> <!-- Story Arrow --><div class=\"ctl-arrow\"><\/div>\r\n\t\t\t<!-- Story Content --><div class=\"ctl-content\"><!-- Story Title --><div class=\"ctl-title story-320\" aria-label=\"1980\"><a target=\"_self\" title=\"1980\" href=\"https:\/\/www.ehs-hoertnagl.at\/en\/timeline\/1980\/\" class=\"story-link\">1980<\/a><\/div><!-- Story Description --><div class=\"ctl-description\"><p>Start der Ofenrohrproduktion<\/p>\n<\/div><\/div><\/div><!-- Story Year Section --><div data-cls=\"sc-nv-light vertical\" class=\"timeline-year scrollable-section ctl-year ctl-year-container light-year\" data-section-title=\"1976\" id=\"year-1976\"><div class=\"ctl-year-label ctl-year-text\"><span>1976<\/span><\/div><\/div><!-- Timeline Content --><div id=\"ctl-story-319\" class=\"ctl-story ctl-story-dot-icon odd ctl-story-right ctl-no-media\" data-story-index=\"7\" role=\"article\"><!-- Story Date --><div class=\"ctl-labels\"><div class=\"ctl-label-big story-date\">May 1<\/div><\/div><!-- Story IconDot --><div class=\"ctl-icondot\"><\/div> <!-- Story Arrow --><div class=\"ctl-arrow\"><\/div>\r\n\t\t\t<!-- Story Content --><div class=\"ctl-content\"><!-- Story Title --><div class=\"ctl-title story-319\" aria-label=\"1976\"><a target=\"_self\" title=\"1976\" href=\"https:\/\/www.ehs-hoertnagl.at\/en\/timeline\/1976\/\" class=\"story-link\">1976<\/a><\/div><!-- Story Description --><div class=\"ctl-description\"><p>Errichtung der Betriebsst\u00e4tte im Industriegebiet Fulpmes<\/p>\n<\/div><\/div><\/div><!-- Story Year Section --><div data-cls=\"sc-nv-light vertical\" class=\"timeline-year scrollable-section ctl-year ctl-year-container light-year\" data-section-title=\"1974\" id=\"year-1974\"><div class=\"ctl-year-label ctl-year-text\"><span>1974<\/span><\/div><\/div><!-- Timeline Content --><div id=\"ctl-story-318\" class=\"ctl-story ctl-story-dot-icon even ctl-story-left ctl-no-media\" data-story-index=\"8\" role=\"article\"><!-- Story Date --><div class=\"ctl-labels\"><div class=\"ctl-label-big story-date\">May 1<\/div><\/div><!-- Story IconDot --><div class=\"ctl-icondot\"><\/div> <!-- Story Arrow --><div class=\"ctl-arrow\"><\/div>\r\n\t\t\t<!-- Story Content --><div class=\"ctl-content\"><!-- Story Title --><div class=\"ctl-title story-318\" aria-label=\"1974\"><a target=\"_self\" title=\"1974\" href=\"https:\/\/www.ehs-hoertnagl.at\/en\/timeline\/318\/\" class=\"story-link\">1974<\/a><\/div><!-- Story Description --><div class=\"ctl-description\"><p>Firmengr\u00fcndung durch Ernst H\u00f6rtnagl &#8211; 1 Mitarbeiter<\/p>\n<\/div><\/div><\/div>\t\t\t\t\t<\/div>\r\n\t\t\t\t\t<div class=\"ctl-end\"><\/div>\r\n\t\t\t\t\t\t\t\t\t<\/div>\r\n\t\t\t<\/div>\r\n\t\t\t[\/vc_column][vc_column width=&#8221;1\/4&#8243;][\/vc_column][\/vc_row][vc_row][vc_column][vc_empty_space height=&#8221;60px&#8221;][\/vc_column][\/vc_row]<\/p>\n<\/div>","protected":false},"excerpt":{"rendered":"<p>[vc_row css=&#8221;.vc_custom_1746794844922{background-color: #0a0a0a !important;}&#8221;][vc_column][vc_empty_space height=&#8221;180px&#8221;][\/vc_column][\/vc_row][vc_row css=&#8221;.vc_custom_1747229669354{background-image: url(https:\/\/www.ehs-hoertnagl.at\/wp-content\/uploads\/2025\/05\/ehs_headerbild_1.jpg?id=313) !important;background-position: center !important;background-repeat: no-repeat !important;background-size: cover !important;}&#8221;][vc_column][vc_empty_space height=&#8221;80px&#8221;][vc_column_text&#8230;<\/p>\n","protected":false},"author":1,"featured_media":0,"parent":0,"menu_order":0,"comment_status":"closed","ping_status":"closed","template":"","meta":{"footnotes":""},"class_list":["post-546","page","type-page","status-publish","hentry"],"_links":{"self":[{"href":"https:\/\/www.ehs-hoertnagl.at\/en\/wp-json\/wp\/v2\/pages\/546","targetHints":{"allow":["GET"]}}],"collection":[{"href":"https:\/\/www.ehs-hoertnagl.at\/en\/wp-json\/wp\/v2\/pages"}],"about":[{"href":"https:\/\/www.ehs-hoertnagl.at\/en\/wp-json\/wp\/v2\/types\/page"}],"author":[{"embeddable":true,"href":"https:\/\/www.ehs-hoertnagl.at\/en\/wp-json\/wp\/v2\/users\/1"}],"replies":[{"embeddable":true,"href":"https:\/\/www.ehs-hoertnagl.at\/en\/wp-json\/wp\/v2\/comments?post=546"}],"version-history":[{"count":4,"href":"https:\/\/www.ehs-hoertnagl.at\/en\/wp-json\/wp\/v2\/pages\/546\/revisions"}],"predecessor-version":[{"id":663,"href":"https:\/\/www.ehs-hoertnagl.at\/en\/wp-json\/wp\/v2\/pages\/546\/revisions\/663"}],"wp:attachment":[{"href":"https:\/\/www.ehs-hoertnagl.at\/en\/wp-json\/wp\/v2\/media?parent=546"}],"curies":[{"name":"wp","href":"https:\/\/api.w.org\/{rel}","templated":true}]}}